{"id":19443,"date":"2025-10-07T18:26:28","date_gmt":"2025-10-07T21:26:28","guid":{"rendered":"https:\/\/samasindumentaria.com\/tienda\/?post_type=product&#038;p=19443"},"modified":"2025-12-08T18:10:47","modified_gmt":"2025-12-08T21:10:47","slug":"bermuda-corte-chino-de-bengalina","status":"publish","type":"product","link":"https:\/\/samasindumentaria.com\/tienda\/producto\/bermuda-corte-chino-de-bengalina\/","title":{"rendered":"BERMUDA CORTE CHINO DE BENGALINA"},"content":{"rendered":"<p>La tela bengalina es un\u00a0<mark class=\"QVRyCf\">tejido liso y suave, semi-grueso y el\u00e1stico<\/mark>, que combina fibras naturales y sint\u00e9ticas, como viscosa, algod\u00f3n, poli\u00e9ster y elastano (spandex)<\/p>\n<div class=\"WaaZC\">\n<div class=\"RJPOee EIJn2\">\n<div class=\"rPeykc uP58nb\" data-hveid=\"CEAQAQ\" data-ved=\"2ahUKEwjKr97GhJOQAxWwgGEGHdkPCKQQo_EKegQIQBAB\"><span data-huuid=\"8296682014203066015\"><span role=\"heading\">Cuidados recomendados<\/span><\/span><\/div>\n<\/div>\n<\/div>\n<div class=\"WaaZC\">\n<div class=\"RJPOee EIJn2\">\n<ul data-hveid=\"CFMQAQ\" data-ved=\"2ahUKEwjKr97GhJOQAxWwgGEGHdkPCKQQm_YKegQIUxAB\">\n<li>\n<div class=\"zMgcWd dSKvsb\" data-il=\"\">\n<div data-crb-p=\"\">\n<div class=\"xFTqob\">\n<div class=\"Gur8Ad\"><span data-huuid=\"8296682014203067252\"><strong>Lavado:<\/strong>\u00a0<\/span><\/div>\n<div class=\"vM0jzc\">\n<p><span data-huuid=\"8296682014203066299\">Se sugiere lavar en agua fr\u00eda y usar programas de centrifugado corto y suave.<span class=\"pjBG2e\" data-cid=\"94834a5c-acc1-48de-9aa2-f950a21ee727\"><span class=\"UV3uM\">\u00a0<\/span><\/span><\/span><\/p>\n<div class=\"NPrrbc\" data-cid=\"94834a5c-acc1-48de-9aa2-f950a21ee727\" data-uuids=\"8296682014203067252,8296682014203066299\">\n<div class=\"BMebGe btku5b LwdV0e FR7ZSc OJeuxf\" role=\"button\" aria-label=\"Ver v\u00ednculos relacionados\" data-hveid=\"CEYQAQ\" data-ved=\"2ahUKEwjKr97GhJOQAxWwgGEGHdkPCKQQ3fYKegQIRhAB\">\n<div class=\"niO4u\"><\/div>\n<\/div>\n<\/div>\n<\/div>\n<\/div>\n<\/div>\n<\/div>\n<\/li>\n<li>\n<div class=\"zMgcWd dSKvsb\" data-il=\"\">\n<div data-crb-p=\"\">\n<div class=\"xFTqob\">\n<div class=\"Gur8Ad\"><span data-huuid=\"8296682014203064393\"><strong>Secado:<\/strong>\u00a0<\/span><\/div>\n<div class=\"vM0jzc\">\n<p><span data-huuid=\"8296682014203067536\">No se recomienda el uso de secadora, ya que podr\u00eda da\u00f1ar los el\u00e1sticos internos.<span class=\"pjBG2e\" data-cid=\"8ee5d3b2-3843-4fe6-bb96-04184a236963\"><span class=\"UV3uM\">\u00a0<\/span><\/span><\/span><\/p>\n<div class=\"NPrrbc\" data-cid=\"8ee5d3b2-3843-4fe6-bb96-04184a236963\" data-uuids=\"8296682014203064393,8296682014203067536\">\n<div class=\"BMebGe btku5b LwdV0e FR7ZSc OJeuxf\" role=\"button\" aria-label=\"Ver v\u00ednculos relacionados\" data-hveid=\"CEsQAQ\" data-ved=\"2ahUKEwjKr97GhJOQAxWwgGEGHdkPCKQQ3fYKegQISxAB\">\n<div class=\"niO4u\"><\/div>\n<\/div>\n<\/div>\n<\/div>\n<\/div>\n<\/div>\n<\/div>\n<\/li>\n<li>\n<div class=\"zMgcWd dSKvsb\" data-il=\"\">\n<div data-crb-p=\"\">\n<div class=\"xFTqob\">\n<div class=\"Gur8Ad\"><span data-huuid=\"8296682014203065630\"><strong>Planchado:<\/strong>\u00a0<\/span><\/div>\n<div class=\"vM0jzc\">\n<p><span data-huuid=\"8296682014203064677\">Se debe planchar a temperatura tibia o vapor, evitando el calor directo que podr\u00eda generar brillos en la tela.<span class=\"pjBG2e\" data-cid=\"fde5c291-b90d-4b70-a2f6-24a6db4d78d7\"><span class=\"UV3uM\">\u00a0<\/span><\/span><\/span><\/p>\n<div class=\"NPrrbc\" data-cid=\"fde5c291-b90d-4b70-a2f6-24a6db4d78d7\" data-uuids=\"8296682014203065630,8296682014203064677\">\n<div class=\"BMebGe btku5b LwdV0e FR7ZSc OJeuxf\" role=\"button\" aria-label=\"Ver v\u00ednculos relacionados\" data-hveid=\"CE0QAQ\" data-ved=\"2ahUKEwjKr97GhJOQAxWwgGEGHdkPCKQQ3fYKegQITRAB\">\n<div class=\"niO4u\"><\/div>\n<\/div>\n<\/div>\n<\/div>\n<\/div>\n<\/div>\n<\/div>\n<\/li>\n<li>\n<div class=\"zMgcWd dSKvsb\" data-il=\"\">\n<div data-crb-p=\"\">\n<div class=\"xFTqob\">\n<div class=\"Gur8Ad\"><span data-huuid=\"8296682014203066867\"><strong>Lavado del rev\u00e9s:<\/strong>\u00a0<\/span><\/div>\n<div class=\"vM0jzc\"><span data-huuid=\"8296682014203065914\">Algunas recomendaciones sugieren lavar la prenda con el rev\u00e9s hacia afuera para preservar la calidad de la tela.<span class=\"pjBG2e\" data-cid=\"a8de790e-4db4-4a2e-9013-6a1e4122c709\"><span class=\"UV3uM\">\u00a0<\/span><\/span><\/span><\/div>\n<div><\/div>\n<\/div>\n<\/div>\n<\/div>\n<\/li>\n<\/ul>\n<\/div>\n<\/div>\n","protected":false},"excerpt":{"rendered":"<p>https:\/\/youtube.com\/shorts\/wJDSQXOmsrE?si=UgAYAGbFcMxqLakE<\/p>\n","protected":false},"featured_media":19438,"template":"","meta":{"_joinchat":[]},"product_brand":[],"product_cat":[673],"product_tag":[],"class_list":{"0":"post-19443","1":"product","2":"type-product","3":"status-publish","4":"has-post-thumbnail","6":"product_cat-hombre","8":"first","9":"instock","10":"shipping-taxable","11":"purchasable","12":"product-type-variable"},"_links":{"self":[{"href":"https:\/\/samasindumentaria.com\/tienda\/wp-json\/wp\/v2\/product\/19443","targetHints":{"allow":["GET"]}}],"collection":[{"href":"https:\/\/samasindumentaria.com\/tienda\/wp-json\/wp\/v2\/product"}],"about":[{"href":"https:\/\/samasindumentaria.com\/tienda\/wp-json\/wp\/v2\/types\/product"}],"wp:featuredmedia":[{"embeddable":true,"href":"https:\/\/samasindumentaria.com\/tienda\/wp-json\/wp\/v2\/media\/19438"}],"wp:attachment":[{"href":"https:\/\/samasindumentaria.com\/tienda\/wp-json\/wp\/v2\/media?parent=19443"}],"wp:term":[{"taxonomy":"product_brand","embeddable":true,"href":"https:\/\/samasindumentaria.com\/tienda\/wp-json\/wp\/v2\/product_brand?post=19443"},{"taxonomy":"product_cat","embeddable":true,"href":"https:\/\/samasindumentaria.com\/tienda\/wp-json\/wp\/v2\/product_cat?post=19443"},{"taxonomy":"product_tag","embeddable":true,"href":"https:\/\/samasindumentaria.com\/tienda\/wp-json\/wp\/v2\/product_tag?post=19443"}],"curies":[{"name":"wp","href":"https:\/\/api.w.org\/{rel}","templated":true}]}}