{"id":19560,"date":"2025-10-21T19:01:41","date_gmt":"2025-10-21T22:01:41","guid":{"rendered":"https:\/\/samasindumentaria.com\/tienda\/?post_type=product&#038;p=19560"},"modified":"2026-03-31T18:45:56","modified_gmt":"2026-03-31T21:45:56","slug":"chomba-con-bolsillo-de-algodon","status":"publish","type":"product","link":"https:\/\/samasindumentaria.com\/tienda\/producto\/chomba-con-bolsillo-de-algodon\/","title":{"rendered":"CHOMBA CON BOLSILLO"},"content":{"rendered":"<p><span data-huuid=\"6380272379964249294\">El algod\u00f3n peinado 24\/1 es una\u00a0<mark class=\"QVRyCf\">tela de punto de jersey hecha de algod\u00f3n 100% que se distingue por su suavidad, ligereza y resistencia<\/mark>.\u00a0<\/span><span data-huuid=\"6380272379964251943\">La denominaci\u00f3n \u00ab24\/1\u00bb indica el grosor del hilo: \u00ab24\u00bb significa que hay 24 hilos de grosor y \u00ab1\u00bb significa que se utiliza un \u00fanico hilo para tejer.\u00a0<\/span><span data-huuid=\"6380272379964250496\">Este tipo de algod\u00f3n es muy vers\u00e1til y se usa com\u00fanmente para confeccionar prendas como camisetas, remeras y ropa de beb\u00e9.<span class=\"pjBG2e\" data-cid=\"829a3f81-5ff5-4ddb-a3ef-6c2e435efffe\"><span class=\"UV3uM\">\u00a0<\/span><\/span><\/span><\/p>\n<p><img loading=\"lazy\" decoding=\"async\" class=\"alignnone size-medium wp-image-18405\" src=\"https:\/\/samasindumentaria.com\/tienda\/wp-content\/uploads\/2025\/07\/tabla-de-medias-especial-400x400.jpg\" alt=\"\" width=\"400\" height=\"400\" \/><\/p>\n<p>&nbsp;<\/p>\n<p><iframe loading=\"lazy\" title=\"Chomba Con Bolsillo\" width=\"563\" height=\"1000\" src=\"https:\/\/www.youtube.com\/embed\/SemjVX98HBI?feature=oembed&#038;enablejsapi=1&#038;origin=https:\/\/samasindumentaria.com\" frameborder=\"0\" allow=\"accelerometer; autoplay; clipboard-write; encrypted-media; gyroscope; picture-in-picture; web-share\" referrerpolicy=\"strict-origin-when-cross-origin\" allowfullscreen><\/iframe><\/p>\n","protected":false},"excerpt":{"rendered":"<p>El algod\u00f3n peinado 24\/1 es una\u00a0tela de punto de jersey hecha de algod\u00f3n 100% que se distingue por su suavidad, ligereza y resistencia.\u00a0La denominaci\u00f3n \u00ab24\/1\u00bb indica el grosor del hilo: \u00ab24\u00bb significa que hay 24 hilos de grosor y \u00ab1\u00bb significa que se utiliza un \u00fanico hilo para tejer.\u00a0Este tipo de algod\u00f3n es muy vers\u00e1til [&#8230;]\n","protected":false},"featured_media":18365,"template":"","meta":{"_joinchat":[]},"product_brand":[],"product_cat":[772],"product_tag":[],"class_list":{"0":"post-19560","1":"product","2":"type-product","3":"status-publish","4":"has-post-thumbnail","6":"product_cat-especiales","8":"first","9":"instock","10":"shipping-taxable","11":"purchasable","12":"product-type-variable"},"_links":{"self":[{"href":"https:\/\/samasindumentaria.com\/tienda\/wp-json\/wp\/v2\/product\/19560","targetHints":{"allow":["GET"]}}],"collection":[{"href":"https:\/\/samasindumentaria.com\/tienda\/wp-json\/wp\/v2\/product"}],"about":[{"href":"https:\/\/samasindumentaria.com\/tienda\/wp-json\/wp\/v2\/types\/product"}],"wp:featuredmedia":[{"embeddable":true,"href":"https:\/\/samasindumentaria.com\/tienda\/wp-json\/wp\/v2\/media\/18365"}],"wp:attachment":[{"href":"https:\/\/samasindumentaria.com\/tienda\/wp-json\/wp\/v2\/media?parent=19560"}],"wp:term":[{"taxonomy":"product_brand","embeddable":true,"href":"https:\/\/samasindumentaria.com\/tienda\/wp-json\/wp\/v2\/product_brand?post=19560"},{"taxonomy":"product_cat","embeddable":true,"href":"https:\/\/samasindumentaria.com\/tienda\/wp-json\/wp\/v2\/product_cat?post=19560"},{"taxonomy":"product_tag","embeddable":true,"href":"https:\/\/samasindumentaria.com\/tienda\/wp-json\/wp\/v2\/product_tag?post=19560"}],"curies":[{"name":"wp","href":"https:\/\/api.w.org\/{rel}","templated":true}]}}