{"id":20192,"date":"2025-12-10T07:49:17","date_gmt":"2025-12-10T10:49:17","guid":{"rendered":"https:\/\/samasindumentaria.com\/tienda\/?post_type=product&#038;p=20192"},"modified":"2026-01-19T06:40:23","modified_gmt":"2026-01-19T09:40:23","slug":"chomba-polo-pique","status":"publish","type":"product","link":"https:\/\/samasindumentaria.com\/tienda\/producto\/chomba-polo-pique\/","title":{"rendered":"CHOMBA POLO PIQUE"},"content":{"rendered":"<p>La tela de algod\u00f3n peinado\u00a0<mark class=\"HxTRcb\">es una tela de alta calidad que se distingue por ser\u00a0<strong class=\"Yjhzub\">m\u00e1s suave, resistente y duradera<\/strong>\u00a0que el algod\u00f3n convencional<\/mark><\/p>\n<p>se cuida\u00a0<mark class=\"HxTRcb\" data-processed=\"true\">lav\u00e1ndolo en agua fr\u00eda o tibia, con detergente suave y ciclo delicado, sec\u00e1ndola al aire libre o en secadora a baja temperatura, y planch\u00e1ndola con calor bajo para mantener su calidad y suavidad<\/mark>.<span class=\"uJ19be notranslate\" data-wiz-uids=\"TCGlUd_c,TCGlUd_d,TCGlUd_e\" data-processed=\"true\"><span class=\"vKEkVd\" data-animation-atomic=\"\" data-wiz-attrbind=\"class=TCGlUd_c_TKHnVd;\" data-processed=\"true\">\u00a0<\/span><\/span><\/p>\n","protected":false},"excerpt":{"rendered":"<p>https:\/\/youtube.com\/shorts\/oYX9Ce3GHkQ?si=Rhy-Oantiyy0qSpJ<\/p>\n","protected":false},"featured_media":18810,"template":"","meta":{"_joinchat":[]},"product_brand":[],"product_cat":[673],"product_tag":[],"class_list":{"0":"post-20192","1":"product","2":"type-product","3":"status-publish","4":"has-post-thumbnail","6":"product_cat-hombre","8":"first","9":"instock","10":"shipping-taxable","11":"purchasable","12":"product-type-variable"},"_links":{"self":[{"href":"https:\/\/samasindumentaria.com\/tienda\/wp-json\/wp\/v2\/product\/20192","targetHints":{"allow":["GET"]}}],"collection":[{"href":"https:\/\/samasindumentaria.com\/tienda\/wp-json\/wp\/v2\/product"}],"about":[{"href":"https:\/\/samasindumentaria.com\/tienda\/wp-json\/wp\/v2\/types\/product"}],"wp:featuredmedia":[{"embeddable":true,"href":"https:\/\/samasindumentaria.com\/tienda\/wp-json\/wp\/v2\/media\/18810"}],"wp:attachment":[{"href":"https:\/\/samasindumentaria.com\/tienda\/wp-json\/wp\/v2\/media?parent=20192"}],"wp:term":[{"taxonomy":"product_brand","embeddable":true,"href":"https:\/\/samasindumentaria.com\/tienda\/wp-json\/wp\/v2\/product_brand?post=20192"},{"taxonomy":"product_cat","embeddable":true,"href":"https:\/\/samasindumentaria.com\/tienda\/wp-json\/wp\/v2\/product_cat?post=20192"},{"taxonomy":"product_tag","embeddable":true,"href":"https:\/\/samasindumentaria.com\/tienda\/wp-json\/wp\/v2\/product_tag?post=20192"}],"curies":[{"name":"wp","href":"https:\/\/api.w.org\/{rel}","templated":true}]}}